{"id":2,"date":"2022-04-20T15:45:07","date_gmt":"2022-04-20T18:45:07","guid":{"rendered":"https:\/\/gilpimentel.com.br\/site\/?page_id=2"},"modified":"2026-02-12T22:01:01","modified_gmt":"2026-02-13T01:01:01","slug":"gil_pimentel","status":"publish","type":"page","link":"https:\/\/gilpimentel.com.br\/site\/gil_pimentel\/","title":{"rendered":"Sobre"},"content":{"rendered":"<p><img class=\"wp-image-5977 alignleft lazyload\" data-src=\"https:\/\/gilpimentel.com.br\/site\/wp-content\/uploads\/2024\/02\/Participacao-programa-da-Marcia-Fleury-na-TVU-Play-148x300.webp\" alt=\"\" width=\"184\" height=\"373\" src=\"data:image\/svg+xml;base64,PHN2ZyB3aWR0aD0iMSIgaGVpZ2h0PSIxIiB4bWxucz0iaHR0cDovL3d3dy53My5vcmcvMjAwMC9zdmciPjwvc3ZnPg==\" style=\"--smush-placeholder-width: 184px; --smush-placeholder-aspect-ratio: 184\/373;\" \/><\/p>\r\n<p>Gil Pimentel trabalhou como Produtora de TV no Canal 20 Bah da NET<\/p>\r\n<p>Jornalista com Registro Profissional no MTb\/RS e Membro da Abraccos<\/p>\r\n<p>\u00c9 Graduada em Administra\u00e7\u00e3o de Empresas, P\u00f3s Graduada em Gest\u00e3o Empresarial. Estrategista de Neg\u00f3cios com \u00canfase em Gerenciamento Financeiro, An\u00e1lise de Dados e Pesquisa de Mercado para novas marcas.<\/p>\r\n<p>Desde 2008 antes do boom das M\u00eddias Digitais faz publica\u00e7\u00f5es na p\u00e1gina do Facebook &#8220;Passei Aqui&#8217; sobre tudo que acha interessante. Com muitos amigos e experi\u00eancias de trabalho que enriqueceram seu Networking o site nasceu da paix\u00e3o por compartilhar principalmente o Turismo, Viagens, Arte, Cultura, Gastronomia, Exposi\u00e7\u00f5es e Eventos.<\/p>\r\n<p>Fez parte da Coordena\u00e7\u00e3o do Concurso Soberana do Turismo do RS<\/p>\r\n<p>Trabalha com o Prime Gourmet Club desde 2016 tendo sido Assessora de Imprensa da marca, organizando presstrips, contatos com a m\u00eddia e apresentado a marca para Formadores de Opini\u00e3o, feito marketing em programas de TV e aproxima\u00e7\u00e3o com Jornalistas e Influencers.<\/p>\r\n","protected":false},"excerpt":{"rendered":"<p>Gil Pimentel trabalhou como Produtora de TV no Canal 20 Bah da NET Jornalista com Registro Profissional no MTb\/RS e Membro da Abraccos \u00c9 Graduada &hellip; <\/p>\n","protected":false},"author":1,"featured_media":0,"parent":0,"menu_order":0,"comment_status":"closed","ping_status":"open","template":"","meta":{"footnotes":""},"class_list":["post-2","page","type-page","status-publish","hentry","latest_post"],"_links":{"self":[{"href":"https:\/\/gilpimentel.com.br\/site\/wp-json\/wp\/v2\/pages\/2","targetHints":{"allow":["GET"]}}],"collection":[{"href":"https:\/\/gilpimentel.com.br\/site\/wp-json\/wp\/v2\/pages"}],"about":[{"href":"https:\/\/gilpimentel.com.br\/site\/wp-json\/wp\/v2\/types\/page"}],"author":[{"embeddable":true,"href":"https:\/\/gilpimentel.com.br\/site\/wp-json\/wp\/v2\/users\/1"}],"replies":[{"embeddable":true,"href":"https:\/\/gilpimentel.com.br\/site\/wp-json\/wp\/v2\/comments?post=2"}],"version-history":[{"count":10,"href":"https:\/\/gilpimentel.com.br\/site\/wp-json\/wp\/v2\/pages\/2\/revisions"}],"predecessor-version":[{"id":39055,"href":"https:\/\/gilpimentel.com.br\/site\/wp-json\/wp\/v2\/pages\/2\/revisions\/39055"}],"wp:attachment":[{"href":"https:\/\/gilpimentel.com.br\/site\/wp-json\/wp\/v2\/media?parent=2"}],"curies":[{"name":"wp","href":"https:\/\/api.w.org\/{rel}","templated":true}]}}